{"id":3726,"date":"2025-12-15T16:18:00","date_gmt":"2025-12-15T16:18:00","guid":{"rendered":"https:\/\/ideasbinarias.cl\/mineral-demo\/?page_id=3726"},"modified":"2025-12-15T16:18:00","modified_gmt":"2025-12-15T16:18:00","slug":"servicios","status":"publish","type":"page","link":"https:\/\/mineraldrilling.com\/index.php\/servicios\/","title":{"rendered":"Servicios"},"content":{"rendered":"\t\t<div data-elementor-type=\"wp-page\" data-elementor-id=\"3726\" class=\"elementor elementor-3726\">\n\t\t\t\t<div class=\"elementor-element elementor-element-3936926 e-con-full e-flex e-con e-parent\" data-id=\"3936926\" data-element_type=\"container\" data-e-type=\"container\">\n\t\t\t\t<div class=\"elementor-element elementor-element-25ff23e elementor-widget elementor-widget-matrik_service_inner\" data-id=\"25ff23e\" data-element_type=\"widget\" data-e-type=\"widget\" data-widget_type=\"matrik_service_inner.default\">\n\t\t\t\t<div class=\"elementor-widget-container\">\n\t\t\t\t\t\n                    <div class=\"service-page\" id=\"scroll-section\">\n                <div class=\"container\">\n                    <div class=\"row gy-md-5 gy-4 mb-70\">\n                                                    <div class=\"col-xl-3 col-lg-4 col-sm-6 wow animate fadeInDown\" data-wow-delay=\"200ms\" data-wow-duration=\"1500ms\">\n                                <div class=\"service-card magnetic-item\">\n                                                                            <h4><a href=\"\">Sondaje Diamantinos<\/a><\/h4>\n                                                                                                                <a href=\"\" class=\"service-img\"><img decoding=\"async\" src=\"https:\/\/ideasbinarias.cl\/mineral-demo\/wp-content\/uploads\/2025\/12\/474621737_923833069856130_6215920097393283257_n.jpg\" alt=\"service-image\"><\/a>\n                                                                                                                <p>Nuestro servicio en Diamantina lo brindamos en  di\u00e1metros PQ, HQ, NQ y BQ <\/p>\n                                                                                                                <a class=\"primary-btn3 transparent\" href=\"\/service\/workforce-training-control\/\">\n                                            <span>Ver m\u00e1s                                            <\/span>\n                                            <span>Ver m\u00e1s                                            <\/span>\n                                            <svg class=\"arrow\" width=\"17\" height=\"17\" viewBox=\"0 0 17 17\" xmlns=\"http:\/\/www.w3.org\/2000\/svg\">\n                                                <g>\n                                                    <path d=\"M0.0836709 0H16.9997V3.16667L3.19756 17L-0.000488281 13.8333L9.42534 4.5L0.0836709 4.58333V0Z\" \/>\n                                                    <path d=\"M16.9997 17V6.33337L12.4551 10.8334V17H16.9997Z\" \/>\n                                                <\/g>\n                                            <\/svg>\n                                        <\/a>\n                                                                        <svg class=\"arrow-vector\" width=\"50\" height=\"50\" viewBox=\"0 0 50 50\" xmlns=\"http:\/\/www.w3.org\/2000\/svg\">\n                                        <path d=\"M0.247529 0H50.0008V9.31379L9.40609 50.0004L0 40.6866L27.7232 13.2354L0.247529 13.4805V0Z\" \/>\n                                        <path d=\"M50.0013 50.0006V18.6278L36.6348 31.8632V50.0006H50.0013Z\" \/>\n                                    <\/svg>\n                                <\/div>\n                            <\/div>\n                                                    <div class=\"col-xl-3 col-lg-4 col-sm-6 wow animate fadeInDown\" data-wow-delay=\"200ms\" data-wow-duration=\"1500ms\">\n                                <div class=\"service-card magnetic-item\">\n                                                                            <h4><a href=\"\/service\/logistics-management\/\">Sondajes de <br> Aire Reverso<\/a><\/h4>\n                                                                                                                <a href=\"\/service\/logistics-management\/\" class=\"service-img\"><img decoding=\"async\" src=\"https:\/\/ideasbinarias.cl\/mineral-demo\/wp-content\/uploads\/2025\/12\/xfs_500x375_s80_telefono-28-08-2013-012-0.jpg\" alt=\"service-image\"><\/a>\n                                                                                                                <p>Servicios de perforaci\u00f3n en aire reverso en diametros desde 5\u2033 hasta 7.1\/2\u2033, con profundidades hasta 700 metros<\/p>\n                                                                                                                <a class=\"primary-btn3 transparent\" href=\"\/service\/logistics-management\/\">\n                                            <span>Ver m\u00e1s                                            <\/span>\n                                            <span>Ver m\u00e1s                                            <\/span>\n                                            <svg class=\"arrow\" width=\"17\" height=\"17\" viewBox=\"0 0 17 17\" xmlns=\"http:\/\/www.w3.org\/2000\/svg\">\n                                                <g>\n                                                    <path d=\"M0.0836709 0H16.9997V3.16667L3.19756 17L-0.000488281 13.8333L9.42534 4.5L0.0836709 4.58333V0Z\" \/>\n                                                    <path d=\"M16.9997 17V6.33337L12.4551 10.8334V17H16.9997Z\" \/>\n                                                <\/g>\n                                            <\/svg>\n                                        <\/a>\n                                                                        <svg class=\"arrow-vector\" width=\"50\" height=\"50\" viewBox=\"0 0 50 50\" xmlns=\"http:\/\/www.w3.org\/2000\/svg\">\n                                        <path d=\"M0.247529 0H50.0008V9.31379L9.40609 50.0004L0 40.6866L27.7232 13.2354L0.247529 13.4805V0Z\" \/>\n                                        <path d=\"M50.0013 50.0006V18.6278L36.6348 31.8632V50.0006H50.0013Z\" \/>\n                                    <\/svg>\n                                <\/div>\n                            <\/div>\n                                                    <div class=\"col-xl-3 col-lg-4 col-sm-6 wow animate fadeInDown\" data-wow-delay=\"200ms\" data-wow-duration=\"1500ms\">\n                                <div class=\"service-card magnetic-item\">\n                                                                            <h4><a href=\"\/service\/equipment-rental-leasing\/\">Perforaci\u00f3n de <br> Pozos de Agua<\/a><\/h4>\n                                                                                                                <a href=\"\/service\/equipment-rental-leasing\/\" class=\"service-img\"><img decoding=\"async\" src=\"https:\/\/ideasbinarias.cl\/mineral-demo\/wp-content\/uploads\/2025\/12\/20171122_132107-scaled.jpg\" alt=\"service-image\"><\/a>\n                                                                                                                <p>Servicio de perforaci\u00f3n para construcci\u00f3n de Pozos de Agua  en di\u00e1metros de habilitaci\u00f3n desde 6\u2033 hasta 16\u2033\u2033<\/p>\n                                                                                                                <a class=\"primary-btn3 transparent\" href=\"\/service\/equipment-rental-leasing\/\">\n                                            <span>Ver m\u00e1s                                            <\/span>\n                                            <span>Ver m\u00e1s                                            <\/span>\n                                            <svg class=\"arrow\" width=\"17\" height=\"17\" viewBox=\"0 0 17 17\" xmlns=\"http:\/\/www.w3.org\/2000\/svg\">\n                                                <g>\n                                                    <path d=\"M0.0836709 0H16.9997V3.16667L3.19756 17L-0.000488281 13.8333L9.42534 4.5L0.0836709 4.58333V0Z\" \/>\n                                                    <path d=\"M16.9997 17V6.33337L12.4551 10.8334V17H16.9997Z\" \/>\n                                                <\/g>\n                                            <\/svg>\n                                        <\/a>\n                                                                        <svg class=\"arrow-vector\" width=\"50\" height=\"50\" viewBox=\"0 0 50 50\" xmlns=\"http:\/\/www.w3.org\/2000\/svg\">\n                                        <path d=\"M0.247529 0H50.0008V9.31379L9.40609 50.0004L0 40.6866L27.7232 13.2354L0.247529 13.4805V0Z\" \/>\n                                        <path d=\"M50.0013 50.0006V18.6278L36.6348 31.8632V50.0006H50.0013Z\" \/>\n                                    <\/svg>\n                                <\/div>\n                            <\/div>\n                                            <\/div>\n                <\/div>\n            <\/div>\n        \n        \n\t\t\t\t<\/div>\n\t\t\t\t<\/div>\n\t\t\t\t<\/div>\n\t\t\t\t<\/div>\n\t\t","protected":false},"excerpt":{"rendered":"<p>Sondaje Diamantinos Nuestro servicio en Diamantina lo brindamos en di\u00e1metros PQ, HQ, NQ y BQ Ver m\u00e1s Ver m\u00e1s Sondajes de Aire Reverso Servicios de perforaci\u00f3n en aire reverso en diametros desde 5\u2033 hasta 7.1\/2\u2033, con profundidades hasta 700 metros Ver m\u00e1s Ver m\u00e1s Perforaci\u00f3n de Pozos de Agua Servicio de perforaci\u00f3n para construcci\u00f3n de [&hellip;]<\/p>\n","protected":false},"author":2,"featured_media":0,"parent":0,"menu_order":0,"comment_status":"closed","ping_status":"closed","template":"","meta":{"inline_featured_image":false,"footnotes":""},"class_list":["post-3726","page","type-page","status-publish","hentry"],"_links":{"self":[{"href":"https:\/\/mineraldrilling.com\/index.php\/wp-json\/wp\/v2\/pages\/3726","targetHints":{"allow":["GET"]}}],"collection":[{"href":"https:\/\/mineraldrilling.com\/index.php\/wp-json\/wp\/v2\/pages"}],"about":[{"href":"https:\/\/mineraldrilling.com\/index.php\/wp-json\/wp\/v2\/types\/page"}],"author":[{"embeddable":true,"href":"https:\/\/mineraldrilling.com\/index.php\/wp-json\/wp\/v2\/users\/2"}],"replies":[{"embeddable":true,"href":"https:\/\/mineraldrilling.com\/index.php\/wp-json\/wp\/v2\/comments?post=3726"}],"version-history":[{"count":0,"href":"https:\/\/mineraldrilling.com\/index.php\/wp-json\/wp\/v2\/pages\/3726\/revisions"}],"wp:attachment":[{"href":"https:\/\/mineraldrilling.com\/index.php\/wp-json\/wp\/v2\/media?parent=3726"}],"curies":[{"name":"wp","href":"https:\/\/api.w.org\/{rel}","templated":true}]}}