{"id":3796,"date":"2025-12-16T20:36:04","date_gmt":"2025-12-16T20:36:04","guid":{"rendered":"https:\/\/ideasbinarias.cl\/mineral-demo\/?page_id=3796"},"modified":"2025-12-16T20:36:04","modified_gmt":"2025-12-16T20:36:04","slug":"perforacion-de-pozos-de-agua","status":"publish","type":"page","link":"https:\/\/mineraldrilling.com\/index.php\/servicios\/perforacion-de-pozos-de-agua\/","title":{"rendered":"Perforaci\u00f3n de Pozos de Agua"},"content":{"rendered":"\t\t<div data-elementor-type=\"wp-page\" data-elementor-id=\"3796\" class=\"elementor elementor-3796\">\n\t\t\t\t<div class=\"elementor-element elementor-element-df47265 e-con-full e-flex e-con e-parent\" data-id=\"df47265\" data-element_type=\"container\" data-e-type=\"container\">\n\t\t\t\t<div class=\"elementor-element elementor-element-0c59523 elementor-widget elementor-widget-matrik_service_details\" data-id=\"0c59523\" data-element_type=\"widget\" data-e-type=\"widget\" data-widget_type=\"matrik_service_details.default\">\n\t\t\t\t<div class=\"elementor-widget-container\">\n\t\t\t\t\t\n                    <div class=\"service-details-page-wrap\" id=\"scroll-section\">\n                <div class=\"container\">\n                    <div class=\"row gy-md-5 gy-4\">\n                        <div class=\"col-lg-8\">\n                            <div class=\"service-details-content\">\n                                                                    <h2>Servicio de Perforaci\u00f3n<\/h2>\n                                                                                                    <p>Servicio de perforaci\u00f3n para construcci\u00f3n de Pozos de Agua  en di\u00e1metros de habilitaci\u00f3n desde 6\u2033 hasta 16\u2033\u2033, con profundidades hasta 300 metros. Con sistemas de Perforaci\u00f3n Rotativa, Roto percusi\u00f3n (Entubado Simultaneo), Rotaci\u00f3n Directa con Aire y Aire Reverso para identificar el potencial acu\u00edfero. Nuestra moderna flota junto con nuestro equipo t\u00e9cnico con vasta experiencia nos permiten ofrecer servicios de calidad y seguridad.\n\nPerforaci\u00f3n de pozos de monitoreo medio ambiental (Pozos Piezom\u00e9tricos) y de exploraci\u00f3n de aguas. Contamos con equipos de aire reverso para la construcci\u00f3n de pozos de monitoreo en PVC desde 2\u2033 hasta 6\u2033 con profundidades de hasta 500 metros.    <\/p>\n                                                                                                    <p>Disponemos de una moderna flota a\u00f1os 2012 y 2013 con tecnolog\u00eda de \u00faltima generaci\u00f3n con manipuladores de barras autom\u00e1ticos (rod handler) para un trabajo eficiente y seguro (100% manos libres \u2013 hands free).\n\nNuestra flota de sondas aire reverso tienen a bordo motores de 760 \/ 850 HP y compresores de 1350cfm\/350psi convertibles en 1150cfm\/500psi. Adicionalmente, contamos con equipo de apoyo de booster y compresores auxiliares para trabajos en condiciones extremas de altura y cuando sean requeridos, equipos de bombeo de distintas capacidades para la ejecuci\u00f3n de pruebas de bombeo.<\/p>\n                                                            <\/div>\n                        <\/div>\n                                                    <div class=\"col-lg-4\">\n                                <div class=\"service-details-img\">\n                                    <img decoding=\"async\" src=\"https:\/\/ideasbinarias.cl\/mineral-demo\/wp-content\/uploads\/2025\/12\/20171122_132107-scaled.jpg\" alt=\"banner-image\">\n                                <\/div>\n                            <\/div>\n                                            <\/div>\n                <\/div>\n            <\/div>\n        \n        \n        \n\t\t\t\t<\/div>\n\t\t\t\t<\/div>\n\t\t\t\t<\/div>\n\t\t<div class=\"elementor-element elementor-element-3b15b08 e-con-full e-flex e-con e-parent\" data-id=\"3b15b08\" data-element_type=\"container\" data-e-type=\"container\" data-settings=\"{&quot;background_background&quot;:&quot;classic&quot;}\">\n\t\t\t\t<div class=\"elementor-element elementor-element-f82f722 elementor-widget elementor-widget-matrik_benefit\" data-id=\"f82f722\" data-element_type=\"widget\" data-e-type=\"widget\" data-widget_type=\"matrik_benefit.default\">\n\t\t\t\t<div class=\"elementor-widget-container\">\n\t\t\t\t\t\n        <div class=\"home2-benefit-section\">\n            <div class=\"container\">\n                <div class=\"row mb-80 wow animate fadeInDown\" data-wow-delay=\"200ms\" data-wow-duration=\"1500ms\">\n                    <div class=\"col-xl-5 col-lg-6\">\n                        <div class=\"section-title two\">\n                                                            <span>Nuestro Servicio<\/span>\n                                                                                        <h2>Beneficios de Nuestro Servicio<\/h2>\n                                <svg class=\"vector\" width=\"254\" height=\"57\" viewBox=\"0 0 254 57\" xmlns=\"http:\/\/www.w3.org\/2000\/svg\">\n                                    <path\n                                        d=\"M0.634619 3.96702C0.416606 6.16537 2.02199 8.12423 4.22035 8.34224C6.4187 8.56025 8.37755 6.95487 8.59557 4.75651C8.81358 2.55816 7.2082 0.599304 5.00984 0.381291C2.81148 0.163279 0.852631 1.76866 0.634619 3.96702ZM251.63 56.2387C252.037 56.3185 252.431 56.0537 252.511 55.6472L253.811 49.0236C253.89 48.6171 253.626 48.2229 253.219 48.1432C252.813 48.0634 252.418 48.3282 252.339 48.7347L251.183 54.6224L245.295 53.4668C244.889 53.3871 244.495 53.6519 244.415 54.0584C244.335 54.4648 244.6 54.859 245.007 54.9388L251.63 56.2387ZM4.65432 5.11074C38.8809 3.31822 92.3013 3.7224 141.306 10.7568C165.809 14.2742 189.18 19.4454 208.487 26.8144C227.811 34.1905 242.962 43.7307 251.152 55.921L252.397 55.0845C243.95 42.512 228.452 32.8297 209.021 25.4131C189.572 17.9894 166.081 12.7978 141.519 9.27206C92.3932 2.22022 38.8713 1.81667 4.57587 3.61279L4.65432 5.11074Z\" \/>\n                                <\/svg>\n                                                    <\/div>\n                    <\/div>\n                <\/div>\n                <div class=\"row align-items-center\">\n                    <div class=\"col-xl-7 col-lg-6\">\n                        <ul class=\"benefit-list\">\n                                                            <li class=\"single-benefit wow animate fadeInDown\" data-wow-delay=\"200ms\" data-wow-duration=\"1500ms\">\n                                                                            <div class=\"number\">\n                                            <span>01<\/span>\n                                        <\/div>\n                                                                        <div class=\"content\">\n                                                                                    <h4>Beneficio 1<\/h4>\n                                                                                                                            <p>Sed nisl eros, condimentum nec risussit amet finibus cons sem fusce. Advantage of thes limited-time offers &amp; start.<\/p>\n                                                                            <\/div>\n                                <\/li>\n                                                            <li class=\"single-benefit wow animate fadeInDown\" data-wow-delay=\"200ms\" data-wow-duration=\"1500ms\">\n                                                                            <div class=\"number\">\n                                            <span>02<\/span>\n                                        <\/div>\n                                                                        <div class=\"content\">\n                                                                                    <h4>Beneficio 2<\/h4>\n                                                                                                                            <p>Sed nisl eros, condimentum nec risussit amet finibus cons sem fusce. Advantage of thes limited-time offers &amp; start.<\/p>\n                                                                            <\/div>\n                                <\/li>\n                                                            <li class=\"single-benefit wow animate fadeInDown\" data-wow-delay=\"200ms\" data-wow-duration=\"1500ms\">\n                                                                            <div class=\"number\">\n                                            <span>03<\/span>\n                                        <\/div>\n                                                                        <div class=\"content\">\n                                                                                    <h4>Beneficio 3<\/h4>\n                                                                                                                            <p>Sed nisl eros, condimentum nec risussit amet finibus cons sem fusce. Advantage of thes limited-time offers &amp; start.<\/p>\n                                                                            <\/div>\n                                <\/li>\n                                                    <\/ul>\n                    <\/div>\n                    <div class=\"col-xl-5 col-lg-6 d-lg-block d-none wow animate fadeInRight\" data-wow-delay=\"200ms\" data-wow-duration=\"1500ms\">\n                        <div class=\"benefit-img-wrap magnetic-item\">\n                                                            <div class=\"benefit-img\">\n                                    <img decoding=\"async\" src=\"https:\/\/ideasbinarias.cl\/mineral-demo\/wp-content\/uploads\/2025\/12\/20180306_181557-scaled.jpg\" alt=\"banner-image\">\n                                <\/div>\n                                                                                <\/div>\n                    <\/div>\n                <\/div>\n            <\/div>\n        <\/div>\n\n\t\t\t\t<\/div>\n\t\t\t\t<\/div>\n\t\t\t\t<\/div>\n\t\t\t\t<\/div>\n\t\t","protected":false},"excerpt":{"rendered":"<p>Servicio de Perforaci\u00f3n Servicio de perforaci\u00f3n para construcci\u00f3n de Pozos de Agua en di\u00e1metros de habilitaci\u00f3n desde 6\u2033 hasta 16\u2033\u2033, con profundidades hasta 300 metros. Con sistemas de Perforaci\u00f3n Rotativa, Roto percusi\u00f3n (Entubado Simultaneo), Rotaci\u00f3n Directa con Aire y Aire Reverso para identificar el potencial acu\u00edfero. Nuestra moderna flota junto con nuestro equipo t\u00e9cnico con [&hellip;]<\/p>\n","protected":false},"author":2,"featured_media":0,"parent":3726,"menu_order":0,"comment_status":"closed","ping_status":"closed","template":"","meta":{"inline_featured_image":false,"footnotes":""},"class_list":["post-3796","page","type-page","status-publish","hentry"],"_links":{"self":[{"href":"https:\/\/mineraldrilling.com\/index.php\/wp-json\/wp\/v2\/pages\/3796","targetHints":{"allow":["GET"]}}],"collection":[{"href":"https:\/\/mineraldrilling.com\/index.php\/wp-json\/wp\/v2\/pages"}],"about":[{"href":"https:\/\/mineraldrilling.com\/index.php\/wp-json\/wp\/v2\/types\/page"}],"author":[{"embeddable":true,"href":"https:\/\/mineraldrilling.com\/index.php\/wp-json\/wp\/v2\/users\/2"}],"replies":[{"embeddable":true,"href":"https:\/\/mineraldrilling.com\/index.php\/wp-json\/wp\/v2\/comments?post=3796"}],"version-history":[{"count":0,"href":"https:\/\/mineraldrilling.com\/index.php\/wp-json\/wp\/v2\/pages\/3796\/revisions"}],"up":[{"embeddable":true,"href":"https:\/\/mineraldrilling.com\/index.php\/wp-json\/wp\/v2\/pages\/3726"}],"wp:attachment":[{"href":"https:\/\/mineraldrilling.com\/index.php\/wp-json\/wp\/v2\/media?parent=3796"}],"curies":[{"name":"wp","href":"https:\/\/api.w.org\/{rel}","templated":true}]}}