{"id":3806,"date":"2025-12-16T20:46:51","date_gmt":"2025-12-16T20:46:51","guid":{"rendered":"https:\/\/ideasbinarias.cl\/mineral-demo\/?page_id=3806"},"modified":"2025-12-16T20:46:51","modified_gmt":"2025-12-16T20:46:51","slug":"contactenos","status":"publish","type":"page","link":"https:\/\/mineraldrilling.com\/index.php\/contactenos\/","title":{"rendered":"Cont\u00e1ctenos"},"content":{"rendered":"\t\t<div data-elementor-type=\"wp-page\" data-elementor-id=\"3806\" class=\"elementor elementor-3806\">\n\t\t\t\t<div class=\"elementor-element elementor-element-9369380 e-con-full e-flex e-con e-parent\" data-id=\"9369380\" data-element_type=\"container\" data-e-type=\"container\">\n\t\t\t\t<div class=\"elementor-element elementor-element-b94596e elementor-widget elementor-widget-matrik_contact\" data-id=\"b94596e\" data-element_type=\"widget\" data-e-type=\"widget\" data-widget_type=\"matrik_contact.default\">\n\t\t\t\t<div class=\"elementor-widget-container\">\n\t\t\t\t\t\n        \n        \n        \n        \n        \n                    <div class=\"inner-contact-section two\" id=\"scroll-section\">\n                <div class=\"container\">\n                    <div class=\"contact-wrapper\">\n                        <div class=\"row gy-5 align-items-center\">\n                            <div class=\"col-lg-4 wow animate fadeInLeft\" data-wow-delay=\"200ms\" data-wow-duration=\"1500ms\">\n                                <div class=\"contact-content\">\n                                    <div class=\"section-title two\">\n                                                                                    <span>\n                                                <svg width=\"9\" height=\"14\" viewBox=\"0 0 9 14\" xmlns=\"http:\/\/www.w3.org\/2000\/svg\">\n                                                    <path\n                                                        d=\"M8.98296 6.85403C8.95783 6.74844 8.90581 6.65097 8.83186 6.57091C8.7579 6.49085 8.66448 6.43086 8.56049 6.39665L5.40652 5.35573L7.64645 0.92109C7.78706 0.642066 7.70293 0.302757 7.44742 0.120036C7.19067 -0.0620481 6.83912 -0.0346848 6.61687 0.186515L0.188418 6.55014C0.11097 6.62683 0.0545794 6.72182 0.024588 6.82611C-0.00540343 6.9304 -0.008003 7.04055 0.0170357 7.14612C0.042173 7.25171 0.0941932 7.34917 0.168144 7.42923C0.242096 7.50929 0.335517 7.56928 0.439513 7.60349L3.59348 8.64441L1.35355 13.0791C1.21294 13.3581 1.29707 13.6974 1.55258 13.8801C1.80847 14.0616 2.15934 14.0351 2.38313 13.8136L8.81158 7.45C8.88903 7.37332 8.94542 7.27833 8.97541 7.17403C9.0054 7.06974 9.008 6.95959 8.98296 6.85403Z\" \/>\n                                                <\/svg>\n                                                Conectemos                                            <\/span>\n                                                                                                                            <h2>Contacto<\/h2>\n                                                                            <\/div>\n                                    <svg class=\"arrow-vector\" width=\"8\" height=\"143\" viewBox=\"0 0 8 143\" xmlns=\"http:\/\/www.w3.org\/2000\/svg\">\n                                        <path\n                                            d=\"M1.33333 3C1.33333 4.47276 2.52724 5.66667 4 5.66667C5.47276 5.66667 6.66667 4.47276 6.66667 3C6.66667 1.52724 5.47276 0.333333 4 0.333333C2.52724 0.333333 1.33333 1.52724 1.33333 3ZM3.64645 142.354C3.84171 142.549 4.1583 142.549 4.35356 142.354L7.53554 139.172C7.7308 138.976 7.7308 138.66 7.53554 138.464C7.34028 138.269 7.0237 138.269 6.82843 138.464L4.00001 141.293L1.17158 138.464C0.976317 138.269 0.659734 138.269 0.464472 138.464C0.26921 138.66 0.26921 138.976 0.464472 139.172L3.64645 142.354ZM3.5 3L3.50001 142L4.50001 142L4.5 3L3.5 3Z\" \/>\n                                    <\/svg>\n                                    <ul class=\"contact-list\">\n\n                                                                                    <li class=\"single-contact\">\n                                                <div class=\"icon\">\n                                                                                                    <\/div>\n                                                <div class=\"content\">\n                                                                                                            <span>Enviar un correo<\/span>\n                                                                                                        <h6><a href=\"mailto:reclutamiento@mineraldrilling.com\">reclutamiento@mineraldrilling.com<\/a><\/h6>\n                                                <\/div>\n                                            <\/li>\n                                        \n                                    <\/ul>\n                                <\/div>\n                            <\/div>\n                                                            <div class=\"col-lg-8 wow animate fadeInRight\" data-wow-delay=\"200ms\" data-wow-duration=\"1500ms\">\n                                    <div class=\"contact-form-wrap\">\n                                        <p class=\"wpcf7-contact-form-not-found\"><strong>Error:<\/strong> Formulario de contacto no encontrado.<\/p>                                    <\/div>\n                                <\/div>\n                                                    <\/div>\n                    <\/div>\n                <\/div>\n            <\/div>\n        \n        \t\t\t\t<\/div>\n\t\t\t\t<\/div>\n\t\t\t\t<\/div>\n\t\t<div class=\"elementor-element elementor-element-2a330b4 e-con-full e-flex e-con e-parent\" data-id=\"2a330b4\" data-element_type=\"container\" data-e-type=\"container\">\n\t\t\t\t<div class=\"elementor-element elementor-element-c184a64 elementor-widget elementor-widget-matrik_contact\" data-id=\"c184a64\" data-element_type=\"widget\" data-e-type=\"widget\" data-widget_type=\"matrik_contact.default\">\n\t\t\t\t<div class=\"elementor-widget-container\">\n\t\t\t\t\t\n        \n        \n        \n        \n        \n        \n                    <div class=\"contact-page-address-section\">\n                <div class=\"container\">\n                                            <h6><a href=\"\">Nuestras Oficinas<\/a><\/h6>\n                                        <ul class=\"address-list\">\n                                                    <li class=\"single-address\">\n                                                                    <span>OFICINA PRINCIPAL<\/span>\n                                                                                                    <a href=\"#\">Avenida Pr\u00edncipe de Gales 5921, La Reina, Santiago, Chile<\/a>\n                                                            <\/li>\n                                            <\/ul>\n                <\/div>\n            <\/div>\n        \t\t\t\t<\/div>\n\t\t\t\t<\/div>\n\t\t\t\t<\/div>\n\t\t\t\t<\/div>\n\t\t","protected":false},"excerpt":{"rendered":"<p>Conectemos Contacto Enviar un correo reclutamiento@mineraldrilling.com Nombre Completo * Correo Electr\u00f3nico * Tel\u00e9fono * Asunto Mensaje * He le\u00eddo y aceptado los T\u00e9rminos y Condiciones. Enviar ahora Nuestras Oficinas OFICINA PRINCIPAL Avenida Pr\u00edncipe de Gales 5921, La Reina, Santiago, Chile<\/p>\n","protected":false},"author":2,"featured_media":0,"parent":0,"menu_order":0,"comment_status":"closed","ping_status":"closed","template":"","meta":{"inline_featured_image":false,"footnotes":""},"class_list":["post-3806","page","type-page","status-publish","hentry"],"_links":{"self":[{"href":"https:\/\/mineraldrilling.com\/index.php\/wp-json\/wp\/v2\/pages\/3806","targetHints":{"allow":["GET"]}}],"collection":[{"href":"https:\/\/mineraldrilling.com\/index.php\/wp-json\/wp\/v2\/pages"}],"about":[{"href":"https:\/\/mineraldrilling.com\/index.php\/wp-json\/wp\/v2\/types\/page"}],"author":[{"embeddable":true,"href":"https:\/\/mineraldrilling.com\/index.php\/wp-json\/wp\/v2\/users\/2"}],"replies":[{"embeddable":true,"href":"https:\/\/mineraldrilling.com\/index.php\/wp-json\/wp\/v2\/comments?post=3806"}],"version-history":[{"count":0,"href":"https:\/\/mineraldrilling.com\/index.php\/wp-json\/wp\/v2\/pages\/3806\/revisions"}],"wp:attachment":[{"href":"https:\/\/mineraldrilling.com\/index.php\/wp-json\/wp\/v2\/media?parent=3806"}],"curies":[{"name":"wp","href":"https:\/\/api.w.org\/{rel}","templated":true}]}}