{"id":3835,"date":"2025-12-16T21:21:35","date_gmt":"2025-12-16T21:21:35","guid":{"rendered":"https:\/\/ideasbinarias.cl\/mineral-demo\/?page_id=3835"},"modified":"2025-12-16T21:21:35","modified_gmt":"2025-12-16T21:21:35","slug":"seguridad","status":"publish","type":"page","link":"https:\/\/mineraldrilling.com\/index.php\/seguridad\/","title":{"rendered":"Seguridad"},"content":{"rendered":"\t\t<div data-elementor-type=\"wp-page\" data-elementor-id=\"3835\" class=\"elementor elementor-3835\">\n\t\t\t\t<div class=\"elementor-element elementor-element-14ea075 e-con-full e-flex e-con e-parent\" data-id=\"14ea075\" data-element_type=\"container\" data-e-type=\"container\">\n\t\t\t\t<div class=\"elementor-element elementor-element-0b0c883 elementor-widget elementor-widget-text-editor\" data-id=\"0b0c883\" data-element_type=\"widget\" data-e-type=\"widget\" data-widget_type=\"text-editor.default\">\n\t\t\t\t\t\t\t\t\t<p>Es pol\u00edtica de seguridad y prevenci\u00f3n de riesgos para Mineral Drilling, garantizar el desarrollo de sus actividades en forma segura para todos sus trabajadores, entorno de trabajo y procesos involucrados en sus operaciones. Nuestra compa\u00f1\u00eda tiene el compromiso de llevar a cabo un conjunto de acciones para identificar, eliminar y controlar todos los riesgos que podr\u00edan ocasionar da\u00f1os a las personas y sus lugares de trabajo.<\/p><p>El conjunto de acciones para el logro de este objetivo son:<\/p><p>Promover e inculcar la toma de conciencia o autoprotecci\u00f3n por parte de nuestros trabajadores, como responsables de las buenas pr\u00e1cticas de protecci\u00f3n a su integridad, de modo que, no detengan procesos productivos u ocasionen da\u00f1os a equipos y materiales.<\/p><p>Cumplir con todas las normativas, leyes y regulaciones vigentes para el trabajo en la industria minera, as\u00ed como, todos aquellos compromisos que han sido establecidos en forma interna para un trabajo preventivo y seguro.<\/p><p>Promover una cultura y compromiso de participaci\u00f3n activa de nuestros trabajadores para llevar a cabo programas de cooperaci\u00f3n en la prevenci\u00f3n, logrando as\u00ed, una excelencia operacional.<\/p><p>Definir un correcto layout y mantener todos nuestros lugares de trabajo bajo altos est\u00e1ndares de seguridad con el objeto de minimizar la exposici\u00f3n a accidentes de nuestros trabajadores.<\/p><p>Mejoramiento continuo de procedimientos y programas de seguridad.<\/p><p>Entrenamiento y capacitaci\u00f3n permanente en la prevenci\u00f3n de riesgos, salud ocupacional y programas de cuidado del medio ambiente.<\/p>\t\t\t\t\t\t\t\t<\/div>\n\t\t\t\t<\/div>\n\t\t\t\t<\/div>\n\t\t","protected":false},"excerpt":{"rendered":"<p>Es pol\u00edtica de seguridad y prevenci\u00f3n de riesgos para Mineral Drilling, garantizar el desarrollo de sus actividades en forma segura para todos sus trabajadores, entorno de trabajo y procesos involucrados en sus operaciones. Nuestra compa\u00f1\u00eda tiene el compromiso de llevar a cabo un conjunto de acciones para identificar, eliminar y controlar todos los riesgos que [&hellip;]<\/p>\n","protected":false},"author":2,"featured_media":0,"parent":0,"menu_order":0,"comment_status":"closed","ping_status":"closed","template":"","meta":{"inline_featured_image":false,"footnotes":""},"class_list":["post-3835","page","type-page","status-publish","hentry"],"_links":{"self":[{"href":"https:\/\/mineraldrilling.com\/index.php\/wp-json\/wp\/v2\/pages\/3835","targetHints":{"allow":["GET"]}}],"collection":[{"href":"https:\/\/mineraldrilling.com\/index.php\/wp-json\/wp\/v2\/pages"}],"about":[{"href":"https:\/\/mineraldrilling.com\/index.php\/wp-json\/wp\/v2\/types\/page"}],"author":[{"embeddable":true,"href":"https:\/\/mineraldrilling.com\/index.php\/wp-json\/wp\/v2\/users\/2"}],"replies":[{"embeddable":true,"href":"https:\/\/mineraldrilling.com\/index.php\/wp-json\/wp\/v2\/comments?post=3835"}],"version-history":[{"count":0,"href":"https:\/\/mineraldrilling.com\/index.php\/wp-json\/wp\/v2\/pages\/3835\/revisions"}],"wp:attachment":[{"href":"https:\/\/mineraldrilling.com\/index.php\/wp-json\/wp\/v2\/media?parent=3835"}],"curies":[{"name":"wp","href":"https:\/\/api.w.org\/{rel}","templated":true}]}}